{"id":3889,"date":"2008-03-03T12:45:08","date_gmt":"2008-03-03T11:45:08","guid":{"rendered":"http:\/\/www.dreamlions.ch\/dreamlions\/?page_id=8"},"modified":"2024-02-28T08:41:54","modified_gmt":"2024-02-28T06:41:54","slug":"ueber-uns","status":"publish","type":"page","link":"https:\/\/www.dreamlions.ch\/dl\/ueber-uns\/","title":{"rendered":"\u00dcber uns"},"content":{"rendered":"\n<p>Hmm?! Was k\u00f6nnte man \u00fcber uns erz\u00e4hlen? Da gibt es so einiges. Einige Eindr\u00fccke findest du hier auf unserer Homepage von Dreamlions, andere auf unserem <a href=\"https:\/\/www.youtube.com\/@Dreamlions\">Youtube- Kanal<\/a> und nat\u00fcrlich bleibt auch einen Teil f\u00fcr dich verborgen&#8230;<br><br>Mittlerweile wohnen wir im ruhigen, gem\u00fctlichen Arisdorf im Baselbiet, nachdem wir vorher ca. 4 Jahre in Pratteln und 1 1\/2 Jahre zusammen in Rheinfelden gewohnt haben. Aber bevor wir zusammen ziehen konnten, mussten wir uns nat\u00fcrlich noch zuerst kennenlernen (ist ja eigentlich logisch&#8230;).<\/p>\n\n\n\n<p>Dies geschah irgend einmal am Abend des 5. Februar 2000 als wir in Roggwil Go-Kart fahren waren. Die Platzierung, welche wir eingefahren haben, wissen wir leider nicht mehr. Wir wissen nur noch, dass wir nicht letzter wurden, stimmts Pasci? Es war ein richtig sch\u00f6ner Abend, auch wenn wir am n\u00e4chsten Morgen h\u00f6llisch Muskelkater vom Go- Kart fahren hatten.<br><br>Natascha und ich gaben uns\u00a0am 29. Juni 2007 das JA- Wort. Es war ein wundervoller Tag den wir mit all unseren Freuden und der Familie verbringen durften. Nach genau 280 Tagen Schwangerschaft kam am 14. September 2007 unser Sonnenschein Yael (<a href=\"http:\/\/www.en-pointe.ch\">www.en-pointe.ch<\/a>) auf die Welt. Seit dem 24. April 2012 ist unsere Familie komplett. Joshua (<a href=\"https:\/\/www.youtube.com\/@cubelion2224\">Joshua&#8217;s Youtube Kanal<\/a>) kam an diesem Tag zur Welt. Wirklich herrlich die Zeit zu viert zu verbringen. <\/p>\n\n\n\n<p>Viele Tiere haben uns die ganzen Jahre begleitet oder sind noch immer bei uns: Simba, Kiara und Belle (unsere Katzen), Fischteich mit Kois, Goldfischen etc., Rennm\u00e4use, Degu&#8217;s, Terrarien mit Fr\u00f6schen &amp; Geckos, Aquarien u.v.m. <br><br>Unser Gesch\u00e4ft <a href=\"http:\/\/www.texo-design.ch\">Texo-Design<\/a> d\u00fcrften wir auch seit 2009 betreiben. Dar\u00fcber sind wir sehr stolz.<\/p>\n\n\n<div class=\"wp-block-image is-style-rounded\">\n<figure class=\"aligncenter size-full is-resized\"><a href=\"https:\/\/www.dreamlions.ch\/dl\/wp-content\/uploads\/2024\/02\/IMG_4349.jpg\"><img loading=\"lazy\" decoding=\"async\" width=\"1440\" height=\"1920\" src=\"https:\/\/www.dreamlions.ch\/dl\/wp-content\/uploads\/2024\/02\/IMG_4349.jpg\" alt=\"\u00dcber uns gibt es so einiges zu erz\u00e4hlen. Hier siehst du uns im Juli 2023\" class=\"wp-image-24617\" style=\"width:262px;height:auto\" srcset=\"https:\/\/www.dreamlions.ch\/dl\/wp-content\/uploads\/2024\/02\/IMG_4349.jpg 1440w, https:\/\/www.dreamlions.ch\/dl\/wp-content\/uploads\/2024\/02\/IMG_4349-225x300.jpg 225w, https:\/\/www.dreamlions.ch\/dl\/wp-content\/uploads\/2024\/02\/IMG_4349-768x1024.jpg 768w, https:\/\/www.dreamlions.ch\/dl\/wp-content\/uploads\/2024\/02\/IMG_4349-1152x1536.jpg 1152w\" sizes=\"auto, (max-width: 1440px) 100vw, 1440px\" \/><\/a><figcaption class=\"wp-element-caption\">Juli 2023<\/figcaption><\/figure><\/div>","protected":false},"excerpt":{"rendered":"<p>Hmm?! Was k\u00f6nnte man \u00fcber uns erz\u00e4hlen? Da gibt es so einiges. Einige Eindr\u00fccke findest du hier auf unserer Homepage von Dreamlions, andere auf unserem Youtube- Kanal und nat\u00fcrlich bleibt auch einen Teil f\u00fcr dich verborgen&#8230; Mittlerweile wohnen wir im ruhigen, gem\u00fctlichen Arisdorf im Baselbiet, nachdem wir vorher ca. 4 Jahre in Pratteln und 1 [&hellip;]<\/p>\n","protected":false},"author":1,"featured_media":0,"parent":0,"menu_order":1,"comment_status":"open","ping_status":"open","template":"","meta":{"footnotes":""},"class_list":["post-3889","page","type-page","status-publish","hentry","entry"],"yoast_head":"<!-- This site is optimized with the Yoast SEO plugin v27.5 - https:\/\/yoast.com\/product\/yoast-seo-wordpress\/ -->\n<title>\u00dcber uns - Dreamlions<\/title>\n<meta name=\"description\" content=\"Was k\u00f6nnte man \u00fcber uns erz\u00e4hlen? Da w\u00fcrde es so einiges geben: Vom Youtube- Kanal \u00fcber die Eindr\u00fccke auf Dreamlions und aus unserem Privatem.\" \/>\n<meta name=\"robots\" content=\"index, follow, max-snippet:-1, max-image-preview:large, max-video-preview:-1\" \/>\n<link rel=\"canonical\" href=\"https:\/\/www.dreamlions.ch\/dl\/ueber-uns\/\" \/>\n<meta property=\"og:locale\" content=\"de_DE\" \/>\n<meta property=\"og:type\" content=\"article\" \/>\n<meta property=\"og:title\" content=\"\u00dcber uns - Dreamlions\" \/>\n<meta property=\"og:description\" content=\"Was k\u00f6nnte man \u00fcber uns erz\u00e4hlen? Da w\u00fcrde es so einiges geben: Vom Youtube- Kanal \u00fcber die Eindr\u00fccke auf Dreamlions und aus unserem Privatem.\" \/>\n<meta property=\"og:url\" content=\"https:\/\/www.dreamlions.ch\/dl\/ueber-uns\/\" \/>\n<meta property=\"og:site_name\" content=\"Dreamlions\" \/>\n<meta property=\"article:publisher\" content=\"https:\/\/www.facebook.com\/oliver.bornhauser.1\" \/>\n<meta property=\"article:modified_time\" content=\"2024-02-28T06:41:54+00:00\" \/>\n<meta property=\"og:image\" content=\"https:\/\/www.dreamlions.ch\/dl\/wp-content\/uploads\/2024\/02\/IMG_4349.jpg\" \/>\n<meta name=\"twitter:card\" content=\"summary_large_image\" \/>\n<meta name=\"twitter:site\" content=\"@dreamlions\" \/>\n<meta name=\"twitter:label1\" content=\"Gesch\u00e4tzte Lesezeit\" \/>\n\t<meta name=\"twitter:data1\" content=\"2\u00a0Minuten\" \/>\n<script type=\"application\/ld+json\" class=\"yoast-schema-graph\">{\"@context\":\"https:\\\/\\\/schema.org\",\"@graph\":[{\"@type\":\"WebPage\",\"@id\":\"https:\\\/\\\/www.dreamlions.ch\\\/dl\\\/ueber-uns\\\/\",\"url\":\"https:\\\/\\\/www.dreamlions.ch\\\/dl\\\/ueber-uns\\\/\",\"name\":\"\u00dcber uns - Dreamlions\",\"isPartOf\":{\"@id\":\"https:\\\/\\\/www.dreamlions.ch\\\/dl\\\/#website\"},\"primaryImageOfPage\":{\"@id\":\"https:\\\/\\\/www.dreamlions.ch\\\/dl\\\/ueber-uns\\\/#primaryimage\"},\"image\":{\"@id\":\"https:\\\/\\\/www.dreamlions.ch\\\/dl\\\/ueber-uns\\\/#primaryimage\"},\"thumbnailUrl\":\"https:\\\/\\\/www.dreamlions.ch\\\/dl\\\/wp-content\\\/uploads\\\/2024\\\/02\\\/IMG_4349.jpg\",\"datePublished\":\"2008-03-03T11:45:08+00:00\",\"dateModified\":\"2024-02-28T06:41:54+00:00\",\"description\":\"Was k\u00f6nnte man \u00fcber uns erz\u00e4hlen? Da w\u00fcrde es so einiges geben: Vom Youtube- Kanal \u00fcber die Eindr\u00fccke auf Dreamlions und aus unserem Privatem.\",\"breadcrumb\":{\"@id\":\"https:\\\/\\\/www.dreamlions.ch\\\/dl\\\/ueber-uns\\\/#breadcrumb\"},\"inLanguage\":\"de\",\"potentialAction\":[{\"@type\":\"ReadAction\",\"target\":[\"https:\\\/\\\/www.dreamlions.ch\\\/dl\\\/ueber-uns\\\/\"]}]},{\"@type\":\"ImageObject\",\"inLanguage\":\"de\",\"@id\":\"https:\\\/\\\/www.dreamlions.ch\\\/dl\\\/ueber-uns\\\/#primaryimage\",\"url\":\"https:\\\/\\\/www.dreamlions.ch\\\/dl\\\/wp-content\\\/uploads\\\/2024\\\/02\\\/IMG_4349.jpg\",\"contentUrl\":\"https:\\\/\\\/www.dreamlions.ch\\\/dl\\\/wp-content\\\/uploads\\\/2024\\\/02\\\/IMG_4349.jpg\",\"width\":1440,\"height\":1920},{\"@type\":\"BreadcrumbList\",\"@id\":\"https:\\\/\\\/www.dreamlions.ch\\\/dl\\\/ueber-uns\\\/#breadcrumb\",\"itemListElement\":[{\"@type\":\"ListItem\",\"position\":1,\"name\":\"Startseite\",\"item\":\"https:\\\/\\\/www.dreamlions.ch\\\/dl\\\/\"},{\"@type\":\"ListItem\",\"position\":2,\"name\":\"\u00dcber uns\"}]},{\"@type\":\"WebSite\",\"@id\":\"https:\\\/\\\/www.dreamlions.ch\\\/dl\\\/#website\",\"url\":\"https:\\\/\\\/www.dreamlions.ch\\\/dl\\\/\",\"name\":\"Dreamlions\",\"description\":\"\",\"publisher\":{\"@id\":\"https:\\\/\\\/www.dreamlions.ch\\\/dl\\\/#\\\/schema\\\/person\\\/29063a87b66fb961bb44ea73313f5cd8\"},\"potentialAction\":[{\"@type\":\"SearchAction\",\"target\":{\"@type\":\"EntryPoint\",\"urlTemplate\":\"https:\\\/\\\/www.dreamlions.ch\\\/dl\\\/?s={search_term_string}\"},\"query-input\":{\"@type\":\"PropertyValueSpecification\",\"valueRequired\":true,\"valueName\":\"search_term_string\"}}],\"inLanguage\":\"de\"},{\"@type\":[\"Person\",\"Organization\"],\"@id\":\"https:\\\/\\\/www.dreamlions.ch\\\/dl\\\/#\\\/schema\\\/person\\\/29063a87b66fb961bb44ea73313f5cd8\",\"name\":\"Oli\",\"image\":{\"@type\":\"ImageObject\",\"inLanguage\":\"de\",\"@id\":\"https:\\\/\\\/www.dreamlions.ch\\\/dl\\\/wp-content\\\/uploads\\\/2024\\\/02\\\/dreamlions-logo-schriftzug.png\",\"url\":\"https:\\\/\\\/www.dreamlions.ch\\\/dl\\\/wp-content\\\/uploads\\\/2024\\\/02\\\/dreamlions-logo-schriftzug.png\",\"contentUrl\":\"https:\\\/\\\/www.dreamlions.ch\\\/dl\\\/wp-content\\\/uploads\\\/2024\\\/02\\\/dreamlions-logo-schriftzug.png\",\"width\":1380,\"height\":1380,\"caption\":\"Oli\"},\"logo\":{\"@id\":\"https:\\\/\\\/www.dreamlions.ch\\\/dl\\\/wp-content\\\/uploads\\\/2024\\\/02\\\/dreamlions-logo-schriftzug.png\"},\"description\":\"Inhaber von Texo-Design.ch. Apple Fan (man spricht auch hinter meinem R\u00fccken von Freak), bzw. generell Technik- Begeisterter. Aber in erster Linie Vater von 2 wunderbaren Kinder.\",\"sameAs\":[\"http:\\\/\\\/www.dreamlions.ch\",\"https:\\\/\\\/www.facebook.com\\\/oliver.bornhauser.1\",\"http:\\\/\\\/www.instagram.com\\\/dreamlions\",\"https:\\\/\\\/x.com\\\/http:\\\/\\\/www.twitter.com\\\/dreamlions\",\"dreamlions\"]}]}<\/script>\n<!-- \/ Yoast SEO plugin. -->","yoast_head_json":{"title":"\u00dcber uns - Dreamlions","description":"Was k\u00f6nnte man \u00fcber uns erz\u00e4hlen? Da w\u00fcrde es so einiges geben: Vom Youtube- Kanal \u00fcber die Eindr\u00fccke auf Dreamlions und aus unserem Privatem.","robots":{"index":"index","follow":"follow","max-snippet":"max-snippet:-1","max-image-preview":"max-image-preview:large","max-video-preview":"max-video-preview:-1"},"canonical":"https:\/\/www.dreamlions.ch\/dl\/ueber-uns\/","og_locale":"de_DE","og_type":"article","og_title":"\u00dcber uns - Dreamlions","og_description":"Was k\u00f6nnte man \u00fcber uns erz\u00e4hlen? Da w\u00fcrde es so einiges geben: Vom Youtube- Kanal \u00fcber die Eindr\u00fccke auf Dreamlions und aus unserem Privatem.","og_url":"https:\/\/www.dreamlions.ch\/dl\/ueber-uns\/","og_site_name":"Dreamlions","article_publisher":"https:\/\/www.facebook.com\/oliver.bornhauser.1","article_modified_time":"2024-02-28T06:41:54+00:00","og_image":[{"url":"https:\/\/www.dreamlions.ch\/dl\/wp-content\/uploads\/2024\/02\/IMG_4349.jpg","type":"","width":"","height":""}],"twitter_card":"summary_large_image","twitter_site":"@dreamlions","twitter_misc":{"Gesch\u00e4tzte Lesezeit":"2\u00a0Minuten"},"schema":{"@context":"https:\/\/schema.org","@graph":[{"@type":"WebPage","@id":"https:\/\/www.dreamlions.ch\/dl\/ueber-uns\/","url":"https:\/\/www.dreamlions.ch\/dl\/ueber-uns\/","name":"\u00dcber uns - Dreamlions","isPartOf":{"@id":"https:\/\/www.dreamlions.ch\/dl\/#website"},"primaryImageOfPage":{"@id":"https:\/\/www.dreamlions.ch\/dl\/ueber-uns\/#primaryimage"},"image":{"@id":"https:\/\/www.dreamlions.ch\/dl\/ueber-uns\/#primaryimage"},"thumbnailUrl":"https:\/\/www.dreamlions.ch\/dl\/wp-content\/uploads\/2024\/02\/IMG_4349.jpg","datePublished":"2008-03-03T11:45:08+00:00","dateModified":"2024-02-28T06:41:54+00:00","description":"Was k\u00f6nnte man \u00fcber uns erz\u00e4hlen? Da w\u00fcrde es so einiges geben: Vom Youtube- Kanal \u00fcber die Eindr\u00fccke auf Dreamlions und aus unserem Privatem.","breadcrumb":{"@id":"https:\/\/www.dreamlions.ch\/dl\/ueber-uns\/#breadcrumb"},"inLanguage":"de","potentialAction":[{"@type":"ReadAction","target":["https:\/\/www.dreamlions.ch\/dl\/ueber-uns\/"]}]},{"@type":"ImageObject","inLanguage":"de","@id":"https:\/\/www.dreamlions.ch\/dl\/ueber-uns\/#primaryimage","url":"https:\/\/www.dreamlions.ch\/dl\/wp-content\/uploads\/2024\/02\/IMG_4349.jpg","contentUrl":"https:\/\/www.dreamlions.ch\/dl\/wp-content\/uploads\/2024\/02\/IMG_4349.jpg","width":1440,"height":1920},{"@type":"BreadcrumbList","@id":"https:\/\/www.dreamlions.ch\/dl\/ueber-uns\/#breadcrumb","itemListElement":[{"@type":"ListItem","position":1,"name":"Startseite","item":"https:\/\/www.dreamlions.ch\/dl\/"},{"@type":"ListItem","position":2,"name":"\u00dcber uns"}]},{"@type":"WebSite","@id":"https:\/\/www.dreamlions.ch\/dl\/#website","url":"https:\/\/www.dreamlions.ch\/dl\/","name":"Dreamlions","description":"","publisher":{"@id":"https:\/\/www.dreamlions.ch\/dl\/#\/schema\/person\/29063a87b66fb961bb44ea73313f5cd8"},"potentialAction":[{"@type":"SearchAction","target":{"@type":"EntryPoint","urlTemplate":"https:\/\/www.dreamlions.ch\/dl\/?s={search_term_string}"},"query-input":{"@type":"PropertyValueSpecification","valueRequired":true,"valueName":"search_term_string"}}],"inLanguage":"de"},{"@type":["Person","Organization"],"@id":"https:\/\/www.dreamlions.ch\/dl\/#\/schema\/person\/29063a87b66fb961bb44ea73313f5cd8","name":"Oli","image":{"@type":"ImageObject","inLanguage":"de","@id":"https:\/\/www.dreamlions.ch\/dl\/wp-content\/uploads\/2024\/02\/dreamlions-logo-schriftzug.png","url":"https:\/\/www.dreamlions.ch\/dl\/wp-content\/uploads\/2024\/02\/dreamlions-logo-schriftzug.png","contentUrl":"https:\/\/www.dreamlions.ch\/dl\/wp-content\/uploads\/2024\/02\/dreamlions-logo-schriftzug.png","width":1380,"height":1380,"caption":"Oli"},"logo":{"@id":"https:\/\/www.dreamlions.ch\/dl\/wp-content\/uploads\/2024\/02\/dreamlions-logo-schriftzug.png"},"description":"Inhaber von Texo-Design.ch. Apple Fan (man spricht auch hinter meinem R\u00fccken von Freak), bzw. generell Technik- Begeisterter. Aber in erster Linie Vater von 2 wunderbaren Kinder.","sameAs":["http:\/\/www.dreamlions.ch","https:\/\/www.facebook.com\/oliver.bornhauser.1","http:\/\/www.instagram.com\/dreamlions","https:\/\/x.com\/http:\/\/www.twitter.com\/dreamlions","dreamlions"]}]}},"_links":{"self":[{"href":"https:\/\/www.dreamlions.ch\/dl\/wp-json\/wp\/v2\/pages\/3889","targetHints":{"allow":["GET"]}}],"collection":[{"href":"https:\/\/www.dreamlions.ch\/dl\/wp-json\/wp\/v2\/pages"}],"about":[{"href":"https:\/\/www.dreamlions.ch\/dl\/wp-json\/wp\/v2\/types\/page"}],"author":[{"embeddable":true,"href":"https:\/\/www.dreamlions.ch\/dl\/wp-json\/wp\/v2\/users\/1"}],"replies":[{"embeddable":true,"href":"https:\/\/www.dreamlions.ch\/dl\/wp-json\/wp\/v2\/comments?post=3889"}],"version-history":[{"count":4,"href":"https:\/\/www.dreamlions.ch\/dl\/wp-json\/wp\/v2\/pages\/3889\/revisions"}],"predecessor-version":[{"id":24620,"href":"https:\/\/www.dreamlions.ch\/dl\/wp-json\/wp\/v2\/pages\/3889\/revisions\/24620"}],"wp:attachment":[{"href":"https:\/\/www.dreamlions.ch\/dl\/wp-json\/wp\/v2\/media?parent=3889"}],"curies":[{"name":"wp","href":"https:\/\/api.w.org\/{rel}","templated":true}]}}