{"id":25317,"date":"2025-01-20T14:36:39","date_gmt":"2025-01-20T12:36:39","guid":{"rendered":"https:\/\/www.dreamlions.ch\/dl\/?page_id=25317"},"modified":"2025-01-21T09:04:57","modified_gmt":"2025-01-21T07:04:57","slug":"soundeffekt-fuer-deine-youtube-videos","status":"publish","type":"page","link":"https:\/\/www.dreamlions.ch\/dl\/soundeffekt-fuer-deine-youtube-videos\/","title":{"rendered":"Soundeffekte f\u00fcr deine (Youtube-) Videos"},"content":{"rendered":"\n<p>Soundeffekte f\u00fcr deine (Youtube-) Videos: extra von uns f\u00fcr dich! Du kannst sie ganz einfach anklicken, downloaden und benutzen. Wenn du magst, darfst du uns gerne erw\u00e4hnen oder markieren. Es ist aber kein muss, damit du unseren Effekt benutzen darfst.<\/p>\n\n\n\n<p><strong>Soundeffekte erst mal nur anh\u00f6ren?<\/strong><br>Kein Problem: Auf unserem Youtube Kanal kannst du dir die Effekte nur anh\u00f6ren, ohne sie direkt herunter zu laden: <a href=\"https:\/\/www.youtube.com\/playlist?list=PLHgQASbYHiCAV5r6nUqxiKAv0PwTuw77d\" target=\"_blank\" rel=\"noopener\">hier klicken<\/a><br><br><strong>Wie mache ich es ganz genau, wenn ich eine Datei haben m\u00f6chte?<br><\/strong>Klicke einfach auf das entsprechende Bild oder Text mit dem Soundeffekt den du ben\u00f6tigst und schon ladet die Datei automatisch herunter. Du findest das file nun in deinem Downloadordner und kannst jetzt deine zip-Datei ganz einfach &#8222;entpacken&#8220; und loslegen. Viel Spass beim Ausprobieren.<br>\u00dcbrigens werden die Soundeffekte f\u00fcr deine (Youtube-) Videos werden st\u00e4ndig erg\u00e4nzt!<\/p>\n\n\n\n<figure class=\"wp-block-table\"><table class=\"has-fixed-layout\"><tbody><tr><td class=\"has-text-align-center\" data-align=\"center\"><a href=\"https:\/\/www.dreamlions.ch\/dl\/wp-content\/uploads\/2025\/01\/Meeresrauschen-Soundeffekt.m4v.zip\"><img loading=\"lazy\" decoding=\"async\" width=\"150\" height=\"84\" class=\"wp-image-25386\" style=\"width: 150px;\" src=\"https:\/\/www.dreamlions.ch\/dl\/wp-content\/uploads\/2025\/01\/Meeresrauschen-Soundeffekt.jpg\" alt=\"\" srcset=\"https:\/\/www.dreamlions.ch\/dl\/wp-content\/uploads\/2025\/01\/Meeresrauschen-Soundeffekt.jpg 1280w, https:\/\/www.dreamlions.ch\/dl\/wp-content\/uploads\/2025\/01\/Meeresrauschen-Soundeffekt-300x169.jpg 300w, https:\/\/www.dreamlions.ch\/dl\/wp-content\/uploads\/2025\/01\/Meeresrauschen-Soundeffekt-1024x576.jpg 1024w, https:\/\/www.dreamlions.ch\/dl\/wp-content\/uploads\/2025\/01\/Meeresrauschen-Soundeffekt-768x432.jpg 768w, https:\/\/www.dreamlions.ch\/dl\/wp-content\/uploads\/2025\/01\/Meeresrauschen-Soundeffekt-800x450.jpg 800w\" sizes=\"auto, (max-width: 150px) 100vw, 150px\" \/><\/a><br><a href=\"https:\/\/www.dreamlions.ch\/dl\/wp-content\/uploads\/2025\/01\/Meeresrauschen-Soundeffekt.m4v.zip\">Meeresrauschen<\/a><\/td><td class=\"has-text-align-center\" data-align=\"center\"><a href=\"http:\/\/Soundeffekt f\u00fcr deine (Youtube-) Videos\"><img loading=\"lazy\" decoding=\"async\" width=\"150\" height=\"84\" class=\"wp-image-25318\" style=\"width: 150px;\" src=\"https:\/\/www.dreamlions.ch\/dl\/wp-content\/uploads\/2025\/01\/Soundeffekt-lachende-moewe.jpg\" alt=\"\" srcset=\"https:\/\/www.dreamlions.ch\/dl\/wp-content\/uploads\/2025\/01\/Soundeffekt-lachende-moewe.jpg 1280w, https:\/\/www.dreamlions.ch\/dl\/wp-content\/uploads\/2025\/01\/Soundeffekt-lachende-moewe-300x169.jpg 300w, https:\/\/www.dreamlions.ch\/dl\/wp-content\/uploads\/2025\/01\/Soundeffekt-lachende-moewe-1024x576.jpg 1024w, https:\/\/www.dreamlions.ch\/dl\/wp-content\/uploads\/2025\/01\/Soundeffekt-lachende-moewe-768x432.jpg 768w, https:\/\/www.dreamlions.ch\/dl\/wp-content\/uploads\/2025\/01\/Soundeffekt-lachende-moewe-800x450.jpg 800w\" sizes=\"auto, (max-width: 150px) 100vw, 150px\" \/><\/a><br><a href=\"https:\/\/www.dreamlions.ch\/dl\/wp-content\/uploads\/2025\/01\/lachende-Moewe.m4v.zip\">lachende M\u00f6we<\/a><\/td><td class=\"has-text-align-center\" data-align=\"center\"><a href=\"https:\/\/www.dreamlions.ch\/dl\/wp-content\/uploads\/2025\/01\/Unterwasser-Soundeffekt.m4v.zip\"><img loading=\"lazy\" decoding=\"async\" width=\"150\" height=\"84\" class=\"wp-image-25360\" style=\"width: 150px;\" src=\"https:\/\/www.dreamlions.ch\/dl\/wp-content\/uploads\/2025\/01\/Unterwasser-Soundeffekt.jpg\" alt=\"Soundeffekt Unterwasser\" srcset=\"https:\/\/www.dreamlions.ch\/dl\/wp-content\/uploads\/2025\/01\/Unterwasser-Soundeffekt.jpg 1280w, https:\/\/www.dreamlions.ch\/dl\/wp-content\/uploads\/2025\/01\/Unterwasser-Soundeffekt-300x169.jpg 300w, https:\/\/www.dreamlions.ch\/dl\/wp-content\/uploads\/2025\/01\/Unterwasser-Soundeffekt-1024x576.jpg 1024w, https:\/\/www.dreamlions.ch\/dl\/wp-content\/uploads\/2025\/01\/Unterwasser-Soundeffekt-768x432.jpg 768w, https:\/\/www.dreamlions.ch\/dl\/wp-content\/uploads\/2025\/01\/Unterwasser-Soundeffekt-800x450.jpg 800w\" sizes=\"auto, (max-width: 150px) 100vw, 150px\" \/><\/a><br><a href=\"https:\/\/www.dreamlions.ch\/dl\/wp-content\/uploads\/2025\/01\/Unterwasser-Soundeffekt.m4v.zip\">Unterwasser<\/a><\/td><\/tr><tr><td class=\"has-text-align-center\" data-align=\"center\"><a href=\"https:\/\/www.dreamlions.ch\/dl\/wp-content\/uploads\/2025\/01\/Helikopter-Bell-Soundeffekt.m4v.zip\"><img loading=\"lazy\" decoding=\"async\" width=\"150\" height=\"84\" class=\"wp-image-25370\" style=\"width: 150px;\" src=\"https:\/\/www.dreamlions.ch\/dl\/wp-content\/uploads\/2025\/01\/Helikopter-Bell-Soundeffekt.jpg\" alt=\"\" srcset=\"https:\/\/www.dreamlions.ch\/dl\/wp-content\/uploads\/2025\/01\/Helikopter-Bell-Soundeffekt.jpg 1280w, https:\/\/www.dreamlions.ch\/dl\/wp-content\/uploads\/2025\/01\/Helikopter-Bell-Soundeffekt-300x169.jpg 300w, https:\/\/www.dreamlions.ch\/dl\/wp-content\/uploads\/2025\/01\/Helikopter-Bell-Soundeffekt-1024x576.jpg 1024w, https:\/\/www.dreamlions.ch\/dl\/wp-content\/uploads\/2025\/01\/Helikopter-Bell-Soundeffekt-768x432.jpg 768w, https:\/\/www.dreamlions.ch\/dl\/wp-content\/uploads\/2025\/01\/Helikopter-Bell-Soundeffekt-800x450.jpg 800w\" sizes=\"auto, (max-width: 150px) 100vw, 150px\" \/><\/a><br><a href=\"https:\/\/www.dreamlions.ch\/dl\/wp-content\/uploads\/2025\/01\/Helikopter-Bell-Soundeffekt.m4v.zip\">Helikopter Bell UH 1D Iroquois | HB RXD<\/a><\/td><td class=\"has-text-align-center\" data-align=\"center\"><a href=\"https:\/\/www.dreamlions.ch\/dl\/wp-content\/uploads\/2025\/01\/A380-Destination-Dubai-A6-EOT-Soundeffekt.m4v.zip\"><img loading=\"lazy\" decoding=\"async\" width=\"150\" height=\"84\" class=\"wp-image-25376\" style=\"width: 150px;\" src=\"https:\/\/www.dreamlions.ch\/dl\/wp-content\/uploads\/2025\/01\/A380-Destination-Dubai-A6-EOT-Soundeffekt.jpg\" alt=\"\" srcset=\"https:\/\/www.dreamlions.ch\/dl\/wp-content\/uploads\/2025\/01\/A380-Destination-Dubai-A6-EOT-Soundeffekt.jpg 1280w, https:\/\/www.dreamlions.ch\/dl\/wp-content\/uploads\/2025\/01\/A380-Destination-Dubai-A6-EOT-Soundeffekt-300x169.jpg 300w, https:\/\/www.dreamlions.ch\/dl\/wp-content\/uploads\/2025\/01\/A380-Destination-Dubai-A6-EOT-Soundeffekt-1024x576.jpg 1024w, https:\/\/www.dreamlions.ch\/dl\/wp-content\/uploads\/2025\/01\/A380-Destination-Dubai-A6-EOT-Soundeffekt-768x432.jpg 768w, https:\/\/www.dreamlions.ch\/dl\/wp-content\/uploads\/2025\/01\/A380-Destination-Dubai-A6-EOT-Soundeffekt-800x450.jpg 800w\" sizes=\"auto, (max-width: 150px) 100vw, 150px\" \/><\/a><br><a href=\"https:\/\/www.dreamlions.ch\/dl\/wp-content\/uploads\/2025\/01\/A380-Destination-Dubai-A6-EOT-Soundeffekt.m4v.zip\">A380 Destination Dubai A6-EOT<\/a><\/td><td class=\"has-text-align-center\" data-align=\"center\"><a href=\"https:\/\/www.dreamlions.ch\/dl\/wp-content\/uploads\/2025\/01\/FA18-Duesenjet-Soundeffekt.m4v.zip\"><img loading=\"lazy\" decoding=\"async\" width=\"150\" height=\"84\" class=\"wp-image-25366\" style=\"width: 150px;\" src=\"https:\/\/www.dreamlions.ch\/dl\/wp-content\/uploads\/2025\/01\/FA-18-Duesenjet-Soundeffekt.jpg\" alt=\"FA\/18 D\u00fcsenjet Soundeffekt\" srcset=\"https:\/\/www.dreamlions.ch\/dl\/wp-content\/uploads\/2025\/01\/FA-18-Duesenjet-Soundeffekt.jpg 1280w, https:\/\/www.dreamlions.ch\/dl\/wp-content\/uploads\/2025\/01\/FA-18-Duesenjet-Soundeffekt-300x169.jpg 300w, https:\/\/www.dreamlions.ch\/dl\/wp-content\/uploads\/2025\/01\/FA-18-Duesenjet-Soundeffekt-1024x576.jpg 1024w, https:\/\/www.dreamlions.ch\/dl\/wp-content\/uploads\/2025\/01\/FA-18-Duesenjet-Soundeffekt-768x432.jpg 768w, https:\/\/www.dreamlions.ch\/dl\/wp-content\/uploads\/2025\/01\/FA-18-Duesenjet-Soundeffekt-800x450.jpg 800w\" sizes=\"auto, (max-width: 150px) 100vw, 150px\" \/><\/a><br><a href=\"https:\/\/www.dreamlions.ch\/dl\/wp-content\/uploads\/2025\/01\/FA18-Duesenjet-Soundeffekt.m4v.zip\">FA\/18 D\u00fcsenjet<\/a><\/td><\/tr><\/tbody><\/table><\/figure>\n\n\n\n<div style=\"height:16px\" aria-hidden=\"true\" class=\"wp-block-spacer\"><\/div>\n\n\n\n<hr class=\"wp-block-separator has-alpha-channel-opacity\"\/>\n\n\n\n<div style=\"height:25px\" aria-hidden=\"true\" class=\"wp-block-spacer\"><\/div>\n\n\n\n<p>Auf unserer <a href=\"https:\/\/studio.youtube.com\/@Dreamlions\">Youtub<\/a><a href=\"https:\/\/studio.youtube.com\/@Dreamlions\" target=\"_blank\" rel=\"noreferrer noopener\">e<\/a> Seite findest du \u00fcbrigens auch viele andere Videos von uns in den verschiedenen Kategorien. St\u00f6bere gerne ein wenig herum. Seit ein paar Jahren sind wir Youtube Million\u00e4re und sehr stolz auf unseren Kanal. Wir versuchen uns st\u00e4ndig zu erweitern und leben unsere Kreativit\u00e4t total aus. Wir machen einfach das, was uns Spass macht und wonach uns gerade ist.<\/p>\n\n\n\n<p> Und wenn du gerne wissen m\u00f6chtest, wer wir sind, kannst du gerne unsere Homepage ein wenig durchschauen. Wir betreiben auch noch ein eigenes Gesch\u00e4ft, wo wir Textilien, Hardware oder sonstiges veredeln: Texo-Design Bornhauser. Schaue dazu gerne auf unserer <a href=\"https:\/\/texo-design.ch\" target=\"_blank\" rel=\"noreferrer noopener\">Gesch\u00e4ftshomepage<\/a> vorbei. Den dazu passenden <a href=\"https:\/\/texo-design.ch\/shop\/\" target=\"_blank\" rel=\"noreferrer noopener\">S<\/a><a href=\"https:\/\/texo-design.ch\/shop\/\">hop<\/a> haben wir ebenfalls. <\/p>\n","protected":false},"excerpt":{"rendered":"<p>Soundeffekte f\u00fcr deine (Youtube-) Videos: extra von uns f\u00fcr dich! Du kannst sie ganz einfach anklicken, downloaden und benutzen. Wenn du magst, darfst du uns gerne erw\u00e4hnen oder markieren. Es ist aber kein muss, damit du unseren Effekt benutzen darfst. Soundeffekte erst mal nur anh\u00f6ren?Kein Problem: Auf unserem Youtube Kanal kannst du dir die Effekte [&hellip;]<\/p>\n","protected":false},"author":3,"featured_media":0,"parent":0,"menu_order":0,"comment_status":"closed","ping_status":"closed","template":"","meta":{"footnotes":""},"class_list":["post-25317","page","type-page","status-publish","hentry","entry"],"yoast_head":"<!-- This site is optimized with the Yoast SEO plugin v27.5 - https:\/\/yoast.com\/product\/yoast-seo-wordpress\/ -->\n<title>Soundeffekte f\u00fcr deine (Youtube-) Videos - Dreamlions<\/title>\n<meta name=\"description\" content=\"Soundeffekte f\u00fcr deine (Youtube-) Videos zur Verf\u00fcgung gestellt von dreamlions. Besuche uns auch gerne auf Youtube.\" \/>\n<meta name=\"robots\" content=\"index, follow, max-snippet:-1, max-image-preview:large, max-video-preview:-1\" \/>\n<link rel=\"canonical\" href=\"https:\/\/www.dreamlions.ch\/dl\/soundeffekt-fuer-deine-youtube-videos\/\" \/>\n<meta property=\"og:locale\" content=\"de_DE\" \/>\n<meta property=\"og:type\" content=\"article\" \/>\n<meta property=\"og:title\" content=\"Soundeffekte f\u00fcr deine (Youtube-) Videos - Dreamlions\" \/>\n<meta property=\"og:description\" content=\"Soundeffekte f\u00fcr deine (Youtube-) Videos zur Verf\u00fcgung gestellt von dreamlions. Besuche uns auch gerne auf Youtube.\" \/>\n<meta property=\"og:url\" content=\"https:\/\/www.dreamlions.ch\/dl\/soundeffekt-fuer-deine-youtube-videos\/\" \/>\n<meta property=\"og:site_name\" content=\"Dreamlions\" \/>\n<meta property=\"article:publisher\" content=\"https:\/\/www.facebook.com\/oliver.bornhauser.1\" \/>\n<meta property=\"article:modified_time\" content=\"2025-01-21T07:04:57+00:00\" \/>\n<meta property=\"og:image\" content=\"https:\/\/www.dreamlions.ch\/dl\/wp-content\/uploads\/2025\/01\/Meeresrauschen-Soundeffekt.jpg\" \/>\n<meta name=\"twitter:card\" content=\"summary_large_image\" \/>\n<meta name=\"twitter:site\" content=\"@dreamlions\" \/>\n<meta name=\"twitter:label1\" content=\"Gesch\u00e4tzte Lesezeit\" \/>\n\t<meta name=\"twitter:data1\" content=\"3\u00a0Minuten\" \/>\n<script type=\"application\/ld+json\" class=\"yoast-schema-graph\">{\"@context\":\"https:\\\/\\\/schema.org\",\"@graph\":[{\"@type\":\"WebPage\",\"@id\":\"https:\\\/\\\/www.dreamlions.ch\\\/dl\\\/soundeffekt-fuer-deine-youtube-videos\\\/\",\"url\":\"https:\\\/\\\/www.dreamlions.ch\\\/dl\\\/soundeffekt-fuer-deine-youtube-videos\\\/\",\"name\":\"Soundeffekte f\u00fcr deine (Youtube-) Videos - Dreamlions\",\"isPartOf\":{\"@id\":\"https:\\\/\\\/www.dreamlions.ch\\\/dl\\\/#website\"},\"primaryImageOfPage\":{\"@id\":\"https:\\\/\\\/www.dreamlions.ch\\\/dl\\\/soundeffekt-fuer-deine-youtube-videos\\\/#primaryimage\"},\"image\":{\"@id\":\"https:\\\/\\\/www.dreamlions.ch\\\/dl\\\/soundeffekt-fuer-deine-youtube-videos\\\/#primaryimage\"},\"thumbnailUrl\":\"https:\\\/\\\/www.dreamlions.ch\\\/dl\\\/wp-content\\\/uploads\\\/2025\\\/01\\\/Meeresrauschen-Soundeffekt.jpg\",\"datePublished\":\"2025-01-20T12:36:39+00:00\",\"dateModified\":\"2025-01-21T07:04:57+00:00\",\"description\":\"Soundeffekte f\u00fcr deine (Youtube-) Videos zur Verf\u00fcgung gestellt von dreamlions. Besuche uns auch gerne auf Youtube.\",\"breadcrumb\":{\"@id\":\"https:\\\/\\\/www.dreamlions.ch\\\/dl\\\/soundeffekt-fuer-deine-youtube-videos\\\/#breadcrumb\"},\"inLanguage\":\"de\",\"potentialAction\":[{\"@type\":\"ReadAction\",\"target\":[\"https:\\\/\\\/www.dreamlions.ch\\\/dl\\\/soundeffekt-fuer-deine-youtube-videos\\\/\"]}]},{\"@type\":\"ImageObject\",\"inLanguage\":\"de\",\"@id\":\"https:\\\/\\\/www.dreamlions.ch\\\/dl\\\/soundeffekt-fuer-deine-youtube-videos\\\/#primaryimage\",\"url\":\"https:\\\/\\\/www.dreamlions.ch\\\/dl\\\/wp-content\\\/uploads\\\/2025\\\/01\\\/Meeresrauschen-Soundeffekt.jpg\",\"contentUrl\":\"https:\\\/\\\/www.dreamlions.ch\\\/dl\\\/wp-content\\\/uploads\\\/2025\\\/01\\\/Meeresrauschen-Soundeffekt.jpg\",\"width\":1280,\"height\":720},{\"@type\":\"BreadcrumbList\",\"@id\":\"https:\\\/\\\/www.dreamlions.ch\\\/dl\\\/soundeffekt-fuer-deine-youtube-videos\\\/#breadcrumb\",\"itemListElement\":[{\"@type\":\"ListItem\",\"position\":1,\"name\":\"Startseite\",\"item\":\"https:\\\/\\\/www.dreamlions.ch\\\/dl\\\/\"},{\"@type\":\"ListItem\",\"position\":2,\"name\":\"Soundeffekte f\u00fcr deine (Youtube-) Videos\"}]},{\"@type\":\"WebSite\",\"@id\":\"https:\\\/\\\/www.dreamlions.ch\\\/dl\\\/#website\",\"url\":\"https:\\\/\\\/www.dreamlions.ch\\\/dl\\\/\",\"name\":\"Dreamlions\",\"description\":\"\",\"publisher\":{\"@id\":\"https:\\\/\\\/www.dreamlions.ch\\\/dl\\\/#\\\/schema\\\/person\\\/29063a87b66fb961bb44ea73313f5cd8\"},\"potentialAction\":[{\"@type\":\"SearchAction\",\"target\":{\"@type\":\"EntryPoint\",\"urlTemplate\":\"https:\\\/\\\/www.dreamlions.ch\\\/dl\\\/?s={search_term_string}\"},\"query-input\":{\"@type\":\"PropertyValueSpecification\",\"valueRequired\":true,\"valueName\":\"search_term_string\"}}],\"inLanguage\":\"de\"},{\"@type\":[\"Person\",\"Organization\"],\"@id\":\"https:\\\/\\\/www.dreamlions.ch\\\/dl\\\/#\\\/schema\\\/person\\\/29063a87b66fb961bb44ea73313f5cd8\",\"name\":\"Oli\",\"image\":{\"@type\":\"ImageObject\",\"inLanguage\":\"de\",\"@id\":\"https:\\\/\\\/www.dreamlions.ch\\\/dl\\\/wp-content\\\/uploads\\\/2024\\\/02\\\/dreamlions-logo-schriftzug.png\",\"url\":\"https:\\\/\\\/www.dreamlions.ch\\\/dl\\\/wp-content\\\/uploads\\\/2024\\\/02\\\/dreamlions-logo-schriftzug.png\",\"contentUrl\":\"https:\\\/\\\/www.dreamlions.ch\\\/dl\\\/wp-content\\\/uploads\\\/2024\\\/02\\\/dreamlions-logo-schriftzug.png\",\"width\":1380,\"height\":1380,\"caption\":\"Oli\"},\"logo\":{\"@id\":\"https:\\\/\\\/www.dreamlions.ch\\\/dl\\\/wp-content\\\/uploads\\\/2024\\\/02\\\/dreamlions-logo-schriftzug.png\"},\"description\":\"Inhaber von Texo-Design.ch. Apple Fan (man spricht auch hinter meinem R\u00fccken von Freak), bzw. generell Technik- Begeisterter. Aber in erster Linie Vater von 2 wunderbaren Kinder.\",\"sameAs\":[\"http:\\\/\\\/www.dreamlions.ch\",\"https:\\\/\\\/www.facebook.com\\\/oliver.bornhauser.1\",\"http:\\\/\\\/www.instagram.com\\\/dreamlions\",\"https:\\\/\\\/x.com\\\/http:\\\/\\\/www.twitter.com\\\/dreamlions\",\"dreamlions\"]}]}<\/script>\n<!-- \/ Yoast SEO plugin. -->","yoast_head_json":{"title":"Soundeffekte f\u00fcr deine (Youtube-) Videos - Dreamlions","description":"Soundeffekte f\u00fcr deine (Youtube-) Videos zur Verf\u00fcgung gestellt von dreamlions. Besuche uns auch gerne auf Youtube.","robots":{"index":"index","follow":"follow","max-snippet":"max-snippet:-1","max-image-preview":"max-image-preview:large","max-video-preview":"max-video-preview:-1"},"canonical":"https:\/\/www.dreamlions.ch\/dl\/soundeffekt-fuer-deine-youtube-videos\/","og_locale":"de_DE","og_type":"article","og_title":"Soundeffekte f\u00fcr deine (Youtube-) Videos - Dreamlions","og_description":"Soundeffekte f\u00fcr deine (Youtube-) Videos zur Verf\u00fcgung gestellt von dreamlions. Besuche uns auch gerne auf Youtube.","og_url":"https:\/\/www.dreamlions.ch\/dl\/soundeffekt-fuer-deine-youtube-videos\/","og_site_name":"Dreamlions","article_publisher":"https:\/\/www.facebook.com\/oliver.bornhauser.1","article_modified_time":"2025-01-21T07:04:57+00:00","og_image":[{"url":"https:\/\/www.dreamlions.ch\/dl\/wp-content\/uploads\/2025\/01\/Meeresrauschen-Soundeffekt.jpg","type":"","width":"","height":""}],"twitter_card":"summary_large_image","twitter_site":"@dreamlions","twitter_misc":{"Gesch\u00e4tzte Lesezeit":"3\u00a0Minuten"},"schema":{"@context":"https:\/\/schema.org","@graph":[{"@type":"WebPage","@id":"https:\/\/www.dreamlions.ch\/dl\/soundeffekt-fuer-deine-youtube-videos\/","url":"https:\/\/www.dreamlions.ch\/dl\/soundeffekt-fuer-deine-youtube-videos\/","name":"Soundeffekte f\u00fcr deine (Youtube-) Videos - Dreamlions","isPartOf":{"@id":"https:\/\/www.dreamlions.ch\/dl\/#website"},"primaryImageOfPage":{"@id":"https:\/\/www.dreamlions.ch\/dl\/soundeffekt-fuer-deine-youtube-videos\/#primaryimage"},"image":{"@id":"https:\/\/www.dreamlions.ch\/dl\/soundeffekt-fuer-deine-youtube-videos\/#primaryimage"},"thumbnailUrl":"https:\/\/www.dreamlions.ch\/dl\/wp-content\/uploads\/2025\/01\/Meeresrauschen-Soundeffekt.jpg","datePublished":"2025-01-20T12:36:39+00:00","dateModified":"2025-01-21T07:04:57+00:00","description":"Soundeffekte f\u00fcr deine (Youtube-) Videos zur Verf\u00fcgung gestellt von dreamlions. Besuche uns auch gerne auf Youtube.","breadcrumb":{"@id":"https:\/\/www.dreamlions.ch\/dl\/soundeffekt-fuer-deine-youtube-videos\/#breadcrumb"},"inLanguage":"de","potentialAction":[{"@type":"ReadAction","target":["https:\/\/www.dreamlions.ch\/dl\/soundeffekt-fuer-deine-youtube-videos\/"]}]},{"@type":"ImageObject","inLanguage":"de","@id":"https:\/\/www.dreamlions.ch\/dl\/soundeffekt-fuer-deine-youtube-videos\/#primaryimage","url":"https:\/\/www.dreamlions.ch\/dl\/wp-content\/uploads\/2025\/01\/Meeresrauschen-Soundeffekt.jpg","contentUrl":"https:\/\/www.dreamlions.ch\/dl\/wp-content\/uploads\/2025\/01\/Meeresrauschen-Soundeffekt.jpg","width":1280,"height":720},{"@type":"BreadcrumbList","@id":"https:\/\/www.dreamlions.ch\/dl\/soundeffekt-fuer-deine-youtube-videos\/#breadcrumb","itemListElement":[{"@type":"ListItem","position":1,"name":"Startseite","item":"https:\/\/www.dreamlions.ch\/dl\/"},{"@type":"ListItem","position":2,"name":"Soundeffekte f\u00fcr deine (Youtube-) Videos"}]},{"@type":"WebSite","@id":"https:\/\/www.dreamlions.ch\/dl\/#website","url":"https:\/\/www.dreamlions.ch\/dl\/","name":"Dreamlions","description":"","publisher":{"@id":"https:\/\/www.dreamlions.ch\/dl\/#\/schema\/person\/29063a87b66fb961bb44ea73313f5cd8"},"potentialAction":[{"@type":"SearchAction","target":{"@type":"EntryPoint","urlTemplate":"https:\/\/www.dreamlions.ch\/dl\/?s={search_term_string}"},"query-input":{"@type":"PropertyValueSpecification","valueRequired":true,"valueName":"search_term_string"}}],"inLanguage":"de"},{"@type":["Person","Organization"],"@id":"https:\/\/www.dreamlions.ch\/dl\/#\/schema\/person\/29063a87b66fb961bb44ea73313f5cd8","name":"Oli","image":{"@type":"ImageObject","inLanguage":"de","@id":"https:\/\/www.dreamlions.ch\/dl\/wp-content\/uploads\/2024\/02\/dreamlions-logo-schriftzug.png","url":"https:\/\/www.dreamlions.ch\/dl\/wp-content\/uploads\/2024\/02\/dreamlions-logo-schriftzug.png","contentUrl":"https:\/\/www.dreamlions.ch\/dl\/wp-content\/uploads\/2024\/02\/dreamlions-logo-schriftzug.png","width":1380,"height":1380,"caption":"Oli"},"logo":{"@id":"https:\/\/www.dreamlions.ch\/dl\/wp-content\/uploads\/2024\/02\/dreamlions-logo-schriftzug.png"},"description":"Inhaber von Texo-Design.ch. Apple Fan (man spricht auch hinter meinem R\u00fccken von Freak), bzw. generell Technik- Begeisterter. Aber in erster Linie Vater von 2 wunderbaren Kinder.","sameAs":["http:\/\/www.dreamlions.ch","https:\/\/www.facebook.com\/oliver.bornhauser.1","http:\/\/www.instagram.com\/dreamlions","https:\/\/x.com\/http:\/\/www.twitter.com\/dreamlions","dreamlions"]}]}},"_links":{"self":[{"href":"https:\/\/www.dreamlions.ch\/dl\/wp-json\/wp\/v2\/pages\/25317","targetHints":{"allow":["GET"]}}],"collection":[{"href":"https:\/\/www.dreamlions.ch\/dl\/wp-json\/wp\/v2\/pages"}],"about":[{"href":"https:\/\/www.dreamlions.ch\/dl\/wp-json\/wp\/v2\/types\/page"}],"author":[{"embeddable":true,"href":"https:\/\/www.dreamlions.ch\/dl\/wp-json\/wp\/v2\/users\/3"}],"replies":[{"embeddable":true,"href":"https:\/\/www.dreamlions.ch\/dl\/wp-json\/wp\/v2\/comments?post=25317"}],"version-history":[{"count":44,"href":"https:\/\/www.dreamlions.ch\/dl\/wp-json\/wp\/v2\/pages\/25317\/revisions"}],"predecessor-version":[{"id":25400,"href":"https:\/\/www.dreamlions.ch\/dl\/wp-json\/wp\/v2\/pages\/25317\/revisions\/25400"}],"wp:attachment":[{"href":"https:\/\/www.dreamlions.ch\/dl\/wp-json\/wp\/v2\/media?parent=25317"}],"curies":[{"name":"wp","href":"https:\/\/api.w.org\/{rel}","templated":true}]}}